{"id":1828,"date":"2020-04-14T13:34:51","date_gmt":"2020-04-14T11:34:51","guid":{"rendered":"https:\/\/www.jeancaby.com\/mentions-legales\/"},"modified":"2022-12-29T17:16:25","modified_gmt":"2022-12-29T16:16:25","slug":"impressum","status":"publish","type":"page","link":"https:\/\/www.jeancaby.com\/de\/impressum\/","title":{"rendered":"Impressum"},"content":{"rendered":"\t\t<div data-elementor-type=\"wp-page\" data-elementor-id=\"1828\" class=\"elementor elementor-1828 elementor-50\" data-elementor-settings=\"{&quot;element_pack_global_tooltip_width&quot;:{&quot;unit&quot;:&quot;px&quot;,&quot;size&quot;:&quot;&quot;,&quot;sizes&quot;:[]},&quot;element_pack_global_tooltip_width_tablet&quot;:{&quot;unit&quot;:&quot;px&quot;,&quot;size&quot;:&quot;&quot;,&quot;sizes&quot;:[]},&quot;element_pack_global_tooltip_width_mobile&quot;:{&quot;unit&quot;:&quot;px&quot;,&quot;size&quot;:&quot;&quot;,&quot;sizes&quot;:[]},&quot;element_pack_global_tooltip_padding&quot;:{&quot;unit&quot;:&quot;px&quot;,&quot;top&quot;:&quot;&quot;,&quot;right&quot;:&quot;&quot;,&quot;bottom&quot;:&quot;&quot;,&quot;left&quot;:&quot;&quot;,&quot;isLinked&quot;:true},&quot;element_pack_global_tooltip_padding_tablet&quot;:{&quot;unit&quot;:&quot;px&quot;,&quot;top&quot;:&quot;&quot;,&quot;right&quot;:&quot;&quot;,&quot;bottom&quot;:&quot;&quot;,&quot;left&quot;:&quot;&quot;,&quot;isLinked&quot;:true},&quot;element_pack_global_tooltip_padding_mobile&quot;:{&quot;unit&quot;:&quot;px&quot;,&quot;top&quot;:&quot;&quot;,&quot;right&quot;:&quot;&quot;,&quot;bottom&quot;:&quot;&quot;,&quot;left&quot;:&quot;&quot;,&quot;isLinked&quot;:true},&quot;element_pack_global_tooltip_border_radius&quot;:{&quot;unit&quot;:&quot;px&quot;,&quot;top&quot;:&quot;&quot;,&quot;right&quot;:&quot;&quot;,&quot;bottom&quot;:&quot;&quot;,&quot;left&quot;:&quot;&quot;,&quot;isLinked&quot;:true},&quot;element_pack_global_tooltip_border_radius_tablet&quot;:{&quot;unit&quot;:&quot;px&quot;,&quot;top&quot;:&quot;&quot;,&quot;right&quot;:&quot;&quot;,&quot;bottom&quot;:&quot;&quot;,&quot;left&quot;:&quot;&quot;,&quot;isLinked&quot;:true},&quot;element_pack_global_tooltip_border_radius_mobile&quot;:{&quot;unit&quot;:&quot;px&quot;,&quot;top&quot;:&quot;&quot;,&quot;right&quot;:&quot;&quot;,&quot;bottom&quot;:&quot;&quot;,&quot;left&quot;:&quot;&quot;,&quot;isLinked&quot;:true}}\" data-elementor-post-type=\"page\">\n\t\t\t\t\t\t<section class=\"elementor-section elementor-top-section elementor-element elementor-element-77de4e0 elementor-section-boxed elementor-section-height-default elementor-section-height-default\" data-id=\"77de4e0\" data-element_type=\"section\" data-e-type=\"section\">\n\t\t\t\t\t\t<div class=\"elementor-container elementor-column-gap-default\">\n\t\t\t\t\t<div class=\"elementor-column elementor-col-100 elementor-top-column elementor-element elementor-element-82a7240\" data-id=\"82a7240\" data-element_type=\"column\" data-e-type=\"column\">\n\t\t\t<div class=\"elementor-widget-wrap elementor-element-populated\">\n\t\t\t\t\t\t<div class=\"elementor-element elementor-element-d793e04 h3 elementor-widget elementor-widget-heading\" data-id=\"d793e04\" data-element_type=\"widget\" data-e-type=\"widget\" data-widget_type=\"heading.default\">\n\t\t\t\t<div class=\"elementor-widget-container\">\n\t\t\t\t\t<h2 class=\"elementor-heading-title elementor-size-default\">Identit\u00e4t<\/h2>\t\t\t\t<\/div>\n\t\t\t\t<\/div>\n\t\t\t\t<div class=\"elementor-element elementor-element-fbc29ef elementor-widget elementor-widget-text-editor\" data-id=\"fbc29ef\" data-element_type=\"widget\" data-e-type=\"widget\" data-settings=\"{&quot;_ob_postman_use&quot;:&quot;no&quot;}\" data-widget_type=\"text-editor.default\">\n\t\t\t\t<div class=\"elementor-widget-container\">\n\t\t\t\t\t\t\t\t\t<p>Diese Website wird von COOPERL ARC ATLANTIQUE herausgegeben:<br \/>Landwirtschaftliche Genossenschaft<\/p><p>Variables Grundkapital<br \/>Europ\u00e4ische Mehrwertsteuernummer : FR 80 383 986 874<br \/>Zulassungsnummer : Coop 10458<br \/>SIREN (Registrierungsnummer des Unternehmens): 383986874 RCS SAINT BRIEUC<br \/>Eingetragener Sitz: Z.I &#8211; 7 rue de la Jeannaie &#8211; Marou\u00e9, 22 400 LAMBALLE, FRANKREICH<br \/>E-Mail: contact@jeancaby.com<br \/>Postanschrift: JEAN CABY &#8211; BP 60328 &#8211; 22400 LAMBALLE-ARMOR &#8211; FRANKREICH<br \/>Direktor der Ver\u00f6ffentlichung: Herr Emmanuel COMMAULT, Gesch\u00e4ftsf\u00fchrender Direktor<\/p>\t\t\t\t\t\t\t\t<\/div>\n\t\t\t\t<\/div>\n\t\t\t\t<div class=\"elementor-element elementor-element-669176a h3 elementor-widget elementor-widget-heading\" data-id=\"669176a\" data-element_type=\"widget\" data-e-type=\"widget\" data-widget_type=\"heading.default\">\n\t\t\t\t<div class=\"elementor-widget-container\">\n\t\t\t\t\t<h2 class=\"elementor-heading-title elementor-size-default\">Web-Hosting<\/h2>\t\t\t\t<\/div>\n\t\t\t\t<\/div>\n\t\t\t\t<div class=\"elementor-element elementor-element-db77eae elementor-widget elementor-widget-text-editor\" data-id=\"db77eae\" data-element_type=\"widget\" data-e-type=\"widget\" data-settings=\"{&quot;_ob_postman_use&quot;:&quot;no&quot;}\" data-widget_type=\"text-editor.default\">\n\t\t\t\t<div class=\"elementor-widget-container\">\n\t\t\t\t\t\t\t\t\t<p><strong>OVH<\/strong><\/p><ul><li>SAS mit einem Kapital von 10 069 020 \u20ac<\/li><li>RCS Lille M\u00e9tropole 424 761 419 00045<\/li><li>APE-Code 2620Z<\/li><li>Umsatzsteuer-Identifikationsnummer: FR 22 424 761 419<\/li><li>Gesellschaftssitz : 2 rue Kellermann &#8211; 59100 ROUBAIX &#8211; FRANCE<\/li><\/ul>\t\t\t\t\t\t\t\t<\/div>\n\t\t\t\t<\/div>\n\t\t\t\t<div class=\"elementor-element elementor-element-f9a58fd h3 elementor-widget elementor-widget-heading\" data-id=\"f9a58fd\" data-element_type=\"widget\" data-e-type=\"widget\" data-widget_type=\"heading.default\">\n\t\t\t\t<div class=\"elementor-widget-container\">\n\t\t\t\t\t<h2 class=\"elementor-heading-title elementor-size-default\">Gestaltung und Entwicklung<\/h2>\t\t\t\t<\/div>\n\t\t\t\t<\/div>\n\t\t\t\t<div class=\"elementor-element elementor-element-0189c93 elementor-widget elementor-widget-text-editor\" data-id=\"0189c93\" data-element_type=\"widget\" data-e-type=\"widget\" data-settings=\"{&quot;_ob_postman_use&quot;:&quot;no&quot;}\" data-widget_type=\"text-editor.default\">\n\t\t\t\t<div class=\"elementor-widget-container\">\n\t\t\t\t\t\t\t\t\t<p><strong>SARL G&amp;M \/\/ Inodia<\/strong><\/p><ul><li>Aktienkapital : 3 000 \u20ac<\/li><li>SIRET : 79951402100044\u00a0 RCS de Saint-Brieuc<\/li><li>Gesellschaftssitz : 6T rue de la D\u00e9hanne 22400 LAMBALLE-ARMOR &#8211; FRANCE<\/li><li>Telefon : <a href=\"tel:+33296302230\">+33 2 96 30 22 30<\/a><\/li><li>Website\u00a0: <a href=\"https:\/\/www.inodia.fr\" target=\"_blank\" rel=\"noopener\">www.inodia.fr<\/a><\/li><\/ul>\t\t\t\t\t\t\t\t<\/div>\n\t\t\t\t<\/div>\n\t\t\t\t<div class=\"elementor-element elementor-element-ab693c4 h3 elementor-widget elementor-widget-heading\" data-id=\"ab693c4\" data-element_type=\"widget\" data-e-type=\"widget\" data-widget_type=\"heading.default\">\n\t\t\t\t<div class=\"elementor-widget-container\">\n\t\t\t\t\t<h2 class=\"elementor-heading-title elementor-size-default\">Zugangs- und Nutzungsbedingungen<\/h2>\t\t\t\t<\/div>\n\t\t\t\t<\/div>\n\t\t\t\t<div class=\"elementor-element elementor-element-1fb2bf8 elementor-widget elementor-widget-text-editor\" data-id=\"1fb2bf8\" data-element_type=\"widget\" data-e-type=\"widget\" data-settings=\"{&quot;_ob_postman_use&quot;:&quot;no&quot;}\" data-widget_type=\"text-editor.default\">\n\t\t\t\t<div class=\"elementor-widget-container\">\n\t\t\t\t\t\t\t\t\t<p>COOPERL ARC ATLANTIQUE ist der Inhaber des Domainnamens <a href=\"http:\/\/www.jeancaby.com\">jeancaby.com.<\/a><\/p><p>Diese franz\u00f6sischsprachige Website ist eine Informationsseite, die sich sowohl an Kunden von Jean CABY als auch an Nichtkunden richtet, im Folgenden \u201eInternetnutzer\u201c genannt. Diese Website unterliegt dem franz\u00f6sischen Recht. Der Internetnutzer best\u00e4tigt, dass er diese Charta zur Kenntnis genommen hat und verpflichtet sich, sie einzuhalten.<br \/>Es sei darauf hingewiesen, dass das Briefgeheimnis im Internet nicht gew\u00e4hrleistet ist und dass es jedem Internetnutzer obliegt, alle geeigneten Ma\u00dfnahmen zu ergreifen, um seine eigenen Daten und\/oder Software zu sch\u00fctzen.<\/p>\t\t\t\t\t\t\t\t<\/div>\n\t\t\t\t<\/div>\n\t\t\t\t<div class=\"elementor-element elementor-element-f0d75d1 h3 elementor-widget elementor-widget-heading\" data-id=\"f0d75d1\" data-element_type=\"widget\" data-e-type=\"widget\" data-widget_type=\"heading.default\">\n\t\t\t\t<div class=\"elementor-widget-container\">\n\t\t\t\t\t<h2 class=\"elementor-heading-title elementor-size-default\">Hyperlinks und bereitgestellte Informationen<\/h2>\t\t\t\t<\/div>\n\t\t\t\t<\/div>\n\t\t\t\t<div class=\"elementor-element elementor-element-43965de elementor-widget elementor-widget-text-editor\" data-id=\"43965de\" data-element_type=\"widget\" data-e-type=\"widget\" data-settings=\"{&quot;_ob_postman_use&quot;:&quot;no&quot;}\" data-widget_type=\"text-editor.default\">\n\t\t\t\t<div class=\"elementor-widget-container\">\n\t\t\t\t\t\t\t\t\t<p style=\"margin: 12.0pt 0cm .0001pt 0cm;\"><span lang=\"DE\">Diese Website kann Informationen enthalten, die von externen Unternehmen bereitgestellt werden, oder Hypertext-Links zu anderen Websites, die nicht von COOPERL entwickelt wurden und au\u00dferhalb seines Verantwortungsbereichs liegen.<\/span><\/p><p style=\"margin: 12.0pt 0cm .0001pt 0cm;\"><span lang=\"DE\">Das Vorliegen eines Links von der JEAN CABY-Website zu einer anderen Website stellt keine Validierung dieser Website oder ihres Inhalts dar. Es liegt in der Verantwortung des Internetnutzers, diese Informationen mit gesundem und kritischem Urteilsverm\u00f6gen zu verwenden. Der Herausgeber haftet nicht f\u00fcr Informationen, Meinungen und Empfehlungen, die von diesen Dritten ge\u00e4u\u00dfert werden.<br \/>Jeder Hypertext-Link zur Website JEAN CABY muss vorher ausdr\u00fccklich vom Herausgeber genehmigt werden. Der auf dieser Seite bereitgestellte Inhalt dient nur zu Informationszwecken und kann zu einem sp\u00e4teren Zeitpunkt \u00fcberarbeitet werden.<br \/>Es sei auf die mit der elektronischen \u00dcbermittlung von Informationen verbundene Risiken hingewiesen: Es kann zu Verz\u00f6gerungen, Auslassungen oder Ungenauigkeiten kommen. Diese Informationen werden unabh\u00e4ngig von ihrer Quelle in der vorliegenden Form bereitgestellt.<\/span><\/p>\t\t\t\t\t\t\t\t<\/div>\n\t\t\t\t<\/div>\n\t\t\t\t<div class=\"elementor-element elementor-element-f7b9459 h3 elementor-widget elementor-widget-heading\" data-id=\"f7b9459\" data-element_type=\"widget\" data-e-type=\"widget\" data-widget_type=\"heading.default\">\n\t\t\t\t<div class=\"elementor-widget-container\">\n\t\t\t\t\t<h2 class=\"elementor-heading-title elementor-size-default\">Preispolitik<\/h2>\t\t\t\t<\/div>\n\t\t\t\t<\/div>\n\t\t\t\t<div class=\"elementor-element elementor-element-4a3f17b elementor-widget elementor-widget-text-editor\" data-id=\"4a3f17b\" data-element_type=\"widget\" data-e-type=\"widget\" data-settings=\"{&quot;_ob_postman_use&quot;:&quot;no&quot;}\" data-widget_type=\"text-editor.default\">\n\t\t\t\t<div class=\"elementor-widget-container\">\n\t\t\t\t\t\t\t\t\t<p>Der Zugang zu dieser Website ist kostenlos, ausgenommen Internetanbieter und Telefongeb\u00fchren, die direkt von den Anbietern in Rechnung gestellt werden.<br \/>F\u00fcr weitere Fragen k\u00f6nnen Sie sich an das JEAN CABY-Team unter der Rubrik \u201e<a href=\"https:\/\/www.madrange.fr\/nous-contacter\/\" target=\"_blank\" rel=\"noopener\">Kontaktieren Sie uns<\/a>\u201c wenden.<\/p>\t\t\t\t\t\t\t\t<\/div>\n\t\t\t\t<\/div>\n\t\t\t\t<div class=\"elementor-element elementor-element-fb8940f h3 elementor-widget elementor-widget-heading\" data-id=\"fb8940f\" data-element_type=\"widget\" data-e-type=\"widget\" data-widget_type=\"heading.default\">\n\t\t\t\t<div class=\"elementor-widget-container\">\n\t\t\t\t\t<h2 class=\"elementor-heading-title elementor-size-default\">Informatik und Freiheitsrechte<\/h2>\t\t\t\t<\/div>\n\t\t\t\t<\/div>\n\t\t\t\t<div class=\"elementor-element elementor-element-40167eb elementor-widget elementor-widget-text-editor\" data-id=\"40167eb\" data-element_type=\"widget\" data-e-type=\"widget\" data-settings=\"{&quot;_ob_postman_use&quot;:&quot;no&quot;}\" data-widget_type=\"text-editor.default\">\n\t\t\t\t<div class=\"elementor-widget-container\">\n\t\t\t\t\t\t\t\t\t<p>Die von den Internetnutzern auf der JEAN CABY-Website eingegebenen und von COOPERL in seiner Eigenschaft als f\u00fcr die Datenverarbeitung Verantwortlicher gesammelten Informationen und personenbezogenen Daten werden ausschlie\u00dflich zum Zweck der Verwaltung von Informationsanfragen verwendet und an die unten genannten und der Commission Nationale de l&#8217;Informatique et des Libert\u00e9s (Nationale Kommission f\u00fcr Informatik und b\u00fcrgerliche Freiheiten) gemeldeten Empf\u00e4nger weitergegeben und sind f\u00fcr deren Bearbeitung erforderlich. Die Nichtbereitstellung einer Pflichtangabe hat zur Folge, dass die Anfrage nicht bearbeitet werden kann. Diese Informationen k\u00f6nnen gem\u00e4\u00df dem Gesetz Nr. 78-17 vom 6. Januar 1978 \u00fcber Informatik, Dateien und Freiheiten zur Aus\u00fcbung des Rechts auf Zugriff, Mitteilung, Widerspruch und Berichtigung f\u00fchren. Um dieses Recht auszu\u00fcben, wenden Sie sich bitte per Post an JEAN CABY \u2013 BP 60328 \u2013 F22400 LAMBALLE-ARMOR &#8211; FRANKREICH.<\/p><p>Personenbezogene Informationen werden nur insofern an Dritte weitergegeben, als dies zur Erf\u00fcllung gesetzlicher und beh\u00f6rdlicher Verpflichtungen erforderlich ist.<\/p>\t\t\t\t\t\t\t\t<\/div>\n\t\t\t\t<\/div>\n\t\t\t\t<div class=\"elementor-element elementor-element-876bf9b elementor-widget elementor-widget-heading\" data-id=\"876bf9b\" data-element_type=\"widget\" data-e-type=\"widget\" data-widget_type=\"heading.default\">\n\t\t\t\t<div class=\"elementor-widget-container\">\n\t\t\t\t\t<h3 class=\"elementor-heading-title elementor-size-default\">Urheberrechte<\/h3>\t\t\t\t<\/div>\n\t\t\t\t<\/div>\n\t\t\t\t<div class=\"elementor-element elementor-element-780e943 elementor-widget elementor-widget-text-editor\" data-id=\"780e943\" data-element_type=\"widget\" data-e-type=\"widget\" data-settings=\"{&quot;_ob_postman_use&quot;:&quot;no&quot;}\" data-widget_type=\"text-editor.default\">\n\t\t\t\t<div class=\"elementor-widget-container\">\n\t\t\t\t\t\t\t\t\t<p>Die Website ist als eine zusammenh\u00e4ngende Einheit zu betrachten. Die darin enthaltenen Informationen sind ausschlie\u00dflich f\u00fcr den pers\u00f6nlichen Gebrauch bestimmt und d\u00fcrfen weder ganz noch teilweise vervielf\u00e4ltigt oder weitergegeben werden. Alle Daten (Texte, T\u00f6ne oder Bilder), die auf den Seiten dieser Website angezeigt werden, sind das ausschlie\u00dfliche Eigentum von COOPERL oder seiner Partner. Jede Vervielf\u00e4ltigung, Darstellung oder Verbreitung zu anderen als pers\u00f6nlichen Zwecken des gesamten oder eines Teils des Inhalts dieser Website auf einem beliebigen Tr\u00e4ger oder durch ein beliebiges Verfahren ist verboten. Die Nichtbeachtung dieses Verbots stellt eine F\u00e4lschung dar, die eine zivil- und strafrechtliche Haftung des F\u00e4lscher nach sich ziehen kann. Es ist strengstens untersagt, den Namen \u201eJEAN CABY\u201c und\/oder sein Logo, allein oder in Kombination, zu irgendeinem Zweck und insbesondere zu Werbezwecken, ohne die vorherige schriftliche Zustimmung von COOPERL zu verwenden oder wiederzugeben.<\/p><p>COOPERL \u00fcbernimmt keine ausdr\u00fcckliche oder stillschweigende Haftung f\u00fcr die Richtigkeit, Vollst\u00e4ndigkeit oder Aktualisierungsfristen dieser Inhalte. Das Herunterladen oder jede andere Form der Vervielf\u00e4ltigung von Software oder Informationen der JEAN CABY-Website verleiht Ihnen keine Rechte an diesen. Das (vollst\u00e4ndige oder teilweise) Reproduzieren, \u00dcbermitteln (elektronisch oder mit anderen Mitteln), \u00c4ndern oder Benutzen der JEAN CABY-Website f\u00fcr \u00f6ffentliche oder kommerzielle Zwecke oder das Herstellen von Links zu dieser Website ist ohne vorherige schriftliche Zustimmung von COOPERL untersagt. Die auf der Website verbreiteten Daten sind das ausschlie\u00dfliche Eigentum ihrer jeweiligen Inhaber.<br \/>Der Internetnutzer verpflichtet sich seinerseits:<br \/>1) die Dienstleistungen von JEAN CABY oder die personenbezogenen Daten, zu denen er Zugang haben k\u00f6nnte, nicht zu nutzen; <br \/>2) keine Produkte und Dienstleistungen der Website JEAN CABY anzubieten, f\u00fcr die er direkt oder indirekt eine Verg\u00fctung erhalten k\u00f6nnte; <br \/>3) den Zugang und die Nutzung der Website JEAN CABY nicht zu beschr\u00e4nken; <br \/>4) keine Angaben oder Elemente der Website JEAN CABY zu \u00e4ndern; keine unaufgeforderten Massen-E-Mails zu schicken oder Postsendungen an andere Internetnutzer vorzunehmen.<\/p>\t\t\t\t\t\t\t\t<\/div>\n\t\t\t\t<\/div>\n\t\t\t\t<div class=\"elementor-element elementor-element-4d58250 elementor-widget elementor-widget-heading\" data-id=\"4d58250\" data-element_type=\"widget\" data-e-type=\"widget\" data-widget_type=\"heading.default\">\n\t\t\t\t<div class=\"elementor-widget-container\">\n\t\t\t\t\t<h3 class=\"elementor-heading-title elementor-size-default\">COOKIES<\/h3>\t\t\t\t<\/div>\n\t\t\t\t<\/div>\n\t\t\t\t<div class=\"elementor-element elementor-element-5b530bf elementor-widget elementor-widget-text-editor\" data-id=\"5b530bf\" data-element_type=\"widget\" data-e-type=\"widget\" data-settings=\"{&quot;_ob_postman_use&quot;:&quot;no&quot;}\" data-widget_type=\"text-editor.default\">\n\t\t\t\t<div class=\"elementor-widget-container\">\n\t\t\t\t\t\t\t\t\t<p style=\"margin: 12.0pt 0cm .0001pt 0cm;\"><span lang=\"DE\">Jeder, der auf die JEAN CABY-Website zugreift, wird dar\u00fcber informiert, dass Cookies automatisch auf seiner Browser-Software installiert werden k\u00f6nnen. Diese Cookies dienen dazu, Statistiken \u00fcber die Nutzung der Website zu erstellen. \u00a0Wenn Sie Ihren Internetbrowser schlie\u00dfen, werden Ihre Daten nicht gespeichert.\u00a0Jeder Internetnutzer hat die M\u00f6glichkeit, Cookies zu akzeptieren oder abzulehnen. Sie k\u00f6nnen das Speichern von \u201eCookies\u201c auf Ihrem Computer verhindern, indem Sie Ihren Browser entsprechend konfigurieren.<\/span><\/p>\t\t\t\t\t\t\t\t<\/div>\n\t\t\t\t<\/div>\n\t\t\t\t\t<\/div>\n\t\t<\/div>\n\t\t\t\t\t<\/div>\n\t\t<\/section>\n\t\t\t\t<section class=\"elementor-section elementor-top-section elementor-element elementor-element-b58df8e elementor-section-boxed elementor-section-height-default elementor-section-height-default\" data-id=\"b58df8e\" data-element_type=\"section\" data-e-type=\"section\">\n\t\t\t\t\t\t<div class=\"elementor-container elementor-column-gap-default\">\n\t\t\t\t\t<div class=\"elementor-column elementor-col-100 elementor-top-column elementor-element elementor-element-4aa7848\" data-id=\"4aa7848\" data-element_type=\"column\" data-e-type=\"column\">\n\t\t\t<div class=\"elementor-widget-wrap\">\n\t\t\t\t\t\t\t<\/div>\n\t\t<\/div>\n\t\t\t\t\t<\/div>\n\t\t<\/section>\n\t\t\t\t<\/div>\n\t\t","protected":false},"excerpt":{"rendered":"<p>Identit\u00e4t Diese Website wird von COOPERL ARC ATLANTIQUE herausgegeben:Landwirtschaftliche Genossenschaft Variables GrundkapitalEurop\u00e4ische Mehrwertsteuernummer : FR [&hellip;]<\/p>\n","protected":false},"author":1,"featured_media":0,"parent":0,"menu_order":0,"comment_status":"closed","ping_status":"closed","template":"","meta":{"_acf_changed":false,"footnotes":""},"class_list":["post-1828","page","type-page","status-publish","hentry","wpbf-post"],"acf":[],"_links":{"self":[{"href":"https:\/\/www.jeancaby.com\/de\/wp-json\/wp\/v2\/pages\/1828","targetHints":{"allow":["GET"]}}],"collection":[{"href":"https:\/\/www.jeancaby.com\/de\/wp-json\/wp\/v2\/pages"}],"about":[{"href":"https:\/\/www.jeancaby.com\/de\/wp-json\/wp\/v2\/types\/page"}],"author":[{"embeddable":true,"href":"https:\/\/www.jeancaby.com\/de\/wp-json\/wp\/v2\/users\/1"}],"replies":[{"embeddable":true,"href":"https:\/\/www.jeancaby.com\/de\/wp-json\/wp\/v2\/comments?post=1828"}],"version-history":[{"count":11,"href":"https:\/\/www.jeancaby.com\/de\/wp-json\/wp\/v2\/pages\/1828\/revisions"}],"predecessor-version":[{"id":3416,"href":"https:\/\/www.jeancaby.com\/de\/wp-json\/wp\/v2\/pages\/1828\/revisions\/3416"}],"wp:attachment":[{"href":"https:\/\/www.jeancaby.com\/de\/wp-json\/wp\/v2\/media?parent=1828"}],"curies":[{"name":"wp","href":"https:\/\/api.w.org\/{rel}","templated":true}]}}